{"id":6773,"date":"2019-09-24T10:14:09","date_gmt":"2019-09-24T17:14:09","guid":{"rendered":"https:\/\/www.racingoptics.com\/industrias\/soluciones-protectoras\/"},"modified":"2020-05-13T17:06:16","modified_gmt":"2020-05-14T00:06:16","slug":"soluciones-protectoras","status":"publish","type":"page","link":"https:\/\/www.racingoptics.com\/es\/industrias\/soluciones-protectoras\/","title":{"rendered":"Protective"},"content":{"rendered":"<p>RO Protective ayuda a los sistemas de tr\u00e1nsito y a las comunidades a prevenir el vandalismo antes de que ocurra y a repararlo cuando ya ocurri\u00f3. RO Protective tambi\u00e9n ayuda a mantener en perfectas condiciones otras superficies valiosas, por ejemplo, las mesas de trabajo met\u00e1licas.<\/p>\n","protected":false},"excerpt":{"rendered":"<p>RO Protective ayuda a los sistemas de tr\u00e1nsito y a las comunidades a prevenir el vandalismo antes de que ocurra y a repararlo cuando ya ocurri\u00f3. RO Protective tambi\u00e9n ayuda a mantener en perfectas condiciones otras superficies valiosas, por ejemplo, las mesas de trabajo met\u00e1licas.<\/p>\n","protected":false},"author":2,"featured_media":6599,"parent":6597,"menu_order":0,"comment_status":"closed","ping_status":"closed","template":"template-industries.php","meta":{"_acf_changed":false,"footnotes":""},"class_list":["post-6773","page","type-page","status-publish","has-post-thumbnail","hentry"],"acf":[],"yoast_head":"<!-- This site is optimized with the Yoast SEO plugin v27.5 - https:\/\/yoast.com\/product\/yoast-seo-wordpress\/ -->\n<title>Protective - Racing Optics<\/title>\n<meta name=\"robots\" content=\"index, follow, max-snippet:-1, max-image-preview:large, max-video-preview:-1\" \/>\n<link rel=\"canonical\" href=\"https:\/\/www.racingoptics.com\/es\/industrias\/soluciones-protectoras\/\" \/>\n<meta property=\"og:locale\" content=\"es_ES\" \/>\n<meta property=\"og:type\" content=\"article\" \/>\n<meta property=\"og:title\" content=\"Protective - Racing Optics\" \/>\n<meta property=\"og:description\" content=\"RO Protective ayuda a los sistemas de tr\u00e1nsito y a las comunidades a prevenir el vandalismo antes de que ocurra y a repararlo cuando ya ocurri\u00f3. RO Protective tambi\u00e9n ayuda a mantener en perfectas condiciones otras superficies valiosas, por ejemplo, las mesas de trabajo met\u00e1licas.\" \/>\n<meta property=\"og:url\" content=\"https:\/\/www.racingoptics.com\/es\/industrias\/soluciones-protectoras\/\" \/>\n<meta property=\"og:site_name\" content=\"Racing Optics\" \/>\n<meta property=\"article:modified_time\" content=\"2020-05-14T00:06:16+00:00\" \/>\n<meta property=\"og:image\" content=\"https:\/\/www.racingoptics.com\/wp-content\/uploads\/2018\/12\/featured-medical.jpg\" \/>\n\t<meta property=\"og:image:width\" content=\"2000\" \/>\n\t<meta property=\"og:image:height\" content=\"1447\" \/>\n\t<meta property=\"og:image:type\" content=\"image\/jpeg\" \/>\n<script type=\"application\/ld+json\" class=\"yoast-schema-graph\">{\"@context\":\"https:\\\/\\\/schema.org\",\"@graph\":[{\"@type\":\"WebPage\",\"@id\":\"https:\\\/\\\/www.racingoptics.com\\\/es\\\/industrias\\\/soluciones-protectoras\\\/\",\"url\":\"https:\\\/\\\/www.racingoptics.com\\\/es\\\/industrias\\\/soluciones-protectoras\\\/\",\"name\":\"Protective - Racing Optics\",\"isPartOf\":{\"@id\":\"https:\\\/\\\/www.racingoptics.com\\\/es\\\/#website\"},\"primaryImageOfPage\":{\"@id\":\"https:\\\/\\\/www.racingoptics.com\\\/es\\\/industrias\\\/soluciones-protectoras\\\/#primaryimage\"},\"image\":{\"@id\":\"https:\\\/\\\/www.racingoptics.com\\\/es\\\/industrias\\\/soluciones-protectoras\\\/#primaryimage\"},\"thumbnailUrl\":\"https:\\\/\\\/www.racingoptics.com\\\/wp-content\\\/uploads\\\/2018\\\/12\\\/featured-medical.jpg\",\"datePublished\":\"2019-09-24T17:14:09+00:00\",\"dateModified\":\"2020-05-14T00:06:16+00:00\",\"breadcrumb\":{\"@id\":\"https:\\\/\\\/www.racingoptics.com\\\/es\\\/industrias\\\/soluciones-protectoras\\\/#breadcrumb\"},\"inLanguage\":\"es\",\"potentialAction\":[{\"@type\":\"ReadAction\",\"target\":[\"https:\\\/\\\/www.racingoptics.com\\\/es\\\/industrias\\\/soluciones-protectoras\\\/\"]}]},{\"@type\":\"ImageObject\",\"inLanguage\":\"es\",\"@id\":\"https:\\\/\\\/www.racingoptics.com\\\/es\\\/industrias\\\/soluciones-protectoras\\\/#primaryimage\",\"url\":\"https:\\\/\\\/www.racingoptics.com\\\/wp-content\\\/uploads\\\/2018\\\/12\\\/featured-medical.jpg\",\"contentUrl\":\"https:\\\/\\\/www.racingoptics.com\\\/wp-content\\\/uploads\\\/2018\\\/12\\\/featured-medical.jpg\",\"width\":2000,\"height\":1447},{\"@type\":\"BreadcrumbList\",\"@id\":\"https:\\\/\\\/www.racingoptics.com\\\/es\\\/industrias\\\/soluciones-protectoras\\\/#breadcrumb\",\"itemListElement\":[{\"@type\":\"ListItem\",\"position\":1,\"name\":\"Home\",\"item\":\"https:\\\/\\\/www.racingoptics.com\\\/es\\\/\"},{\"@type\":\"ListItem\",\"position\":2,\"name\":\"Industrias\",\"item\":\"https:\\\/\\\/www.racingoptics.com\\\/es\\\/industrias\\\/\"},{\"@type\":\"ListItem\",\"position\":3,\"name\":\"Protective\"}]},{\"@type\":\"WebSite\",\"@id\":\"https:\\\/\\\/www.racingoptics.com\\\/es\\\/#website\",\"url\":\"https:\\\/\\\/www.racingoptics.com\\\/es\\\/\",\"name\":\"Racing Optics\",\"description\":\"\",\"potentialAction\":[{\"@type\":\"SearchAction\",\"target\":{\"@type\":\"EntryPoint\",\"urlTemplate\":\"https:\\\/\\\/www.racingoptics.com\\\/es\\\/?s={search_term_string}\"},\"query-input\":{\"@type\":\"PropertyValueSpecification\",\"valueRequired\":true,\"valueName\":\"search_term_string\"}}],\"inLanguage\":\"es\"}]}<\/script>\n<!-- \/ Yoast SEO plugin. -->","yoast_head_json":{"title":"Protective - Racing Optics","robots":{"index":"index","follow":"follow","max-snippet":"max-snippet:-1","max-image-preview":"max-image-preview:large","max-video-preview":"max-video-preview:-1"},"canonical":"https:\/\/www.racingoptics.com\/es\/industrias\/soluciones-protectoras\/","og_locale":"es_ES","og_type":"article","og_title":"Protective - Racing Optics","og_description":"RO Protective ayuda a los sistemas de tr\u00e1nsito y a las comunidades a prevenir el vandalismo antes de que ocurra y a repararlo cuando ya ocurri\u00f3. RO Protective tambi\u00e9n ayuda a mantener en perfectas condiciones otras superficies valiosas, por ejemplo, las mesas de trabajo met\u00e1licas.","og_url":"https:\/\/www.racingoptics.com\/es\/industrias\/soluciones-protectoras\/","og_site_name":"Racing Optics","article_modified_time":"2020-05-14T00:06:16+00:00","og_image":[{"width":2000,"height":1447,"url":"https:\/\/www.racingoptics.com\/wp-content\/uploads\/2018\/12\/featured-medical.jpg","type":"image\/jpeg"}],"schema":{"@context":"https:\/\/schema.org","@graph":[{"@type":"WebPage","@id":"https:\/\/www.racingoptics.com\/es\/industrias\/soluciones-protectoras\/","url":"https:\/\/www.racingoptics.com\/es\/industrias\/soluciones-protectoras\/","name":"Protective - Racing Optics","isPartOf":{"@id":"https:\/\/www.racingoptics.com\/es\/#website"},"primaryImageOfPage":{"@id":"https:\/\/www.racingoptics.com\/es\/industrias\/soluciones-protectoras\/#primaryimage"},"image":{"@id":"https:\/\/www.racingoptics.com\/es\/industrias\/soluciones-protectoras\/#primaryimage"},"thumbnailUrl":"https:\/\/www.racingoptics.com\/wp-content\/uploads\/2018\/12\/featured-medical.jpg","datePublished":"2019-09-24T17:14:09+00:00","dateModified":"2020-05-14T00:06:16+00:00","breadcrumb":{"@id":"https:\/\/www.racingoptics.com\/es\/industrias\/soluciones-protectoras\/#breadcrumb"},"inLanguage":"es","potentialAction":[{"@type":"ReadAction","target":["https:\/\/www.racingoptics.com\/es\/industrias\/soluciones-protectoras\/"]}]},{"@type":"ImageObject","inLanguage":"es","@id":"https:\/\/www.racingoptics.com\/es\/industrias\/soluciones-protectoras\/#primaryimage","url":"https:\/\/www.racingoptics.com\/wp-content\/uploads\/2018\/12\/featured-medical.jpg","contentUrl":"https:\/\/www.racingoptics.com\/wp-content\/uploads\/2018\/12\/featured-medical.jpg","width":2000,"height":1447},{"@type":"BreadcrumbList","@id":"https:\/\/www.racingoptics.com\/es\/industrias\/soluciones-protectoras\/#breadcrumb","itemListElement":[{"@type":"ListItem","position":1,"name":"Home","item":"https:\/\/www.racingoptics.com\/es\/"},{"@type":"ListItem","position":2,"name":"Industrias","item":"https:\/\/www.racingoptics.com\/es\/industrias\/"},{"@type":"ListItem","position":3,"name":"Protective"}]},{"@type":"WebSite","@id":"https:\/\/www.racingoptics.com\/es\/#website","url":"https:\/\/www.racingoptics.com\/es\/","name":"Racing Optics","description":"","potentialAction":[{"@type":"SearchAction","target":{"@type":"EntryPoint","urlTemplate":"https:\/\/www.racingoptics.com\/es\/?s={search_term_string}"},"query-input":{"@type":"PropertyValueSpecification","valueRequired":true,"valueName":"search_term_string"}}],"inLanguage":"es"}]}},"_links":{"self":[{"href":"https:\/\/www.racingoptics.com\/es\/wp-json\/wp\/v2\/pages\/6773","targetHints":{"allow":["GET"]}}],"collection":[{"href":"https:\/\/www.racingoptics.com\/es\/wp-json\/wp\/v2\/pages"}],"about":[{"href":"https:\/\/www.racingoptics.com\/es\/wp-json\/wp\/v2\/types\/page"}],"author":[{"embeddable":true,"href":"https:\/\/www.racingoptics.com\/es\/wp-json\/wp\/v2\/users\/2"}],"replies":[{"embeddable":true,"href":"https:\/\/www.racingoptics.com\/es\/wp-json\/wp\/v2\/comments?post=6773"}],"version-history":[{"count":0,"href":"https:\/\/www.racingoptics.com\/es\/wp-json\/wp\/v2\/pages\/6773\/revisions"}],"up":[{"embeddable":true,"href":"https:\/\/www.racingoptics.com\/es\/wp-json\/wp\/v2\/pages\/6597"}],"wp:featuredmedia":[{"embeddable":true,"href":"https:\/\/www.racingoptics.com\/es\/wp-json\/wp\/v2\/media\/6599"}],"wp:attachment":[{"href":"https:\/\/www.racingoptics.com\/es\/wp-json\/wp\/v2\/media?parent=6773"}],"curies":[{"name":"wp","href":"https:\/\/api.w.org\/{rel}","templated":true}]}}